{"id":514,"date":"2025-02-27T16:20:46","date_gmt":"2025-02-27T15:20:46","guid":{"rendered":"https:\/\/traildugerbier-prelenfrey.fr\/?page_id=514"},"modified":"2026-03-12T17:02:08","modified_gmt":"2026-03-12T16:02:08","slug":"37-km","status":"publish","type":"page","link":"https:\/\/traildugerbier-prelenfrey.fr\/index.php\/37-km\/","title":{"rendered":"37 km 2026"},"content":{"rendered":"\n<p>Trail de montagne exigeant et a\u00e9rien, avec passages en balcon et sentiers sur pierriers. Magnifique ambiance et tr\u00e8s belle vue sur les massifs environnants. Possibilit\u00e9 de le faire en relai \u00e0 2 avec passage de relai au col de l&rsquo;Arzelier.<\/p>\n\n\n\n<p>D\u00e9part 8h00, solo et relais !<\/p>\n\n\n\n<p><a href=\"https:\/\/tracedetrail.fr\/fr\/trace\/288707\" target=\"_blank\" rel=\"noreferrer noopener\">https:\/\/tracedetrail.fr\/fr\/trace\/288707<\/a><\/p>\n\n\n\n<figure class=\"wp-block-image size-large\"><img loading=\"lazy\" decoding=\"async\" width=\"1017\" height=\"1024\" src=\"https:\/\/traildugerbier-prelenfrey.fr\/wp-content\/uploads\/2025\/02\/Capture-decran-2025-02-27-a-16.42.44-1017x1024.png\" alt=\"\" class=\"wp-image-544\" srcset=\"https:\/\/traildugerbier-prelenfrey.fr\/wp-content\/uploads\/2025\/02\/Capture-decran-2025-02-27-a-16.42.44-1017x1024.png 1017w, https:\/\/traildugerbier-prelenfrey.fr\/wp-content\/uploads\/2025\/02\/Capture-decran-2025-02-27-a-16.42.44-298x300.png 298w, https:\/\/traildugerbier-prelenfrey.fr\/wp-content\/uploads\/2025\/02\/Capture-decran-2025-02-27-a-16.42.44-150x150.png 150w, https:\/\/traildugerbier-prelenfrey.fr\/wp-content\/uploads\/2025\/02\/Capture-decran-2025-02-27-a-16.42.44-768x774.png 768w, https:\/\/traildugerbier-prelenfrey.fr\/wp-content\/uploads\/2025\/02\/Capture-decran-2025-02-27-a-16.42.44-300x302.png 300w, https:\/\/traildugerbier-prelenfrey.fr\/wp-content\/uploads\/2025\/02\/Capture-decran-2025-02-27-a-16.42.44-850x856.png 850w, https:\/\/traildugerbier-prelenfrey.fr\/wp-content\/uploads\/2025\/02\/Capture-decran-2025-02-27-a-16.42.44.png 1360w\" sizes=\"auto, (max-width: 1017px) 100vw, 1017px\" \/><\/figure>\n\n\n\n<div class=\"wp-block-file\"><a id=\"wp-block-file--media-3b8dd1d6-1287-4aa3-86cf-6ebcddf86727\" href=\"https:\/\/traildugerbier-prelenfrey.fr\/wp-content\/uploads\/2025\/02\/37-km-trail-du-Gerbier.gpx\">37-km-trail-du-Gerbier<\/a><a href=\"https:\/\/traildugerbier-prelenfrey.fr\/wp-content\/uploads\/2025\/02\/37-km-trail-du-Gerbier.gpx\" class=\"wp-block-file__button wp-element-button\" download aria-describedby=\"wp-block-file--media-3b8dd1d6-1287-4aa3-86cf-6ebcddf86727\">T\u00e9l\u00e9charger<\/a><\/div>\n","protected":false},"excerpt":{"rendered":"<p>Trail de montagne exigeant et a\u00e9rien, avec passages en balcon et sentiers sur pierriers. Magnifique ambiance et tr\u00e8s belle vue sur les massifs environnants. Possibilit\u00e9 de le faire en relai \u00e0 2 avec passage de relai au col de l&rsquo;Arzelier. D\u00e9part 8h00, solo et relais ! https:\/\/tracedetrail.fr\/fr\/trace\/288707<\/p>\n","protected":false},"author":1,"featured_media":0,"parent":0,"menu_order":0,"comment_status":"closed","ping_status":"closed","template":"","meta":{"footnotes":""},"class_list":["post-514","page","type-page","status-publish","hentry"],"_links":{"self":[{"href":"https:\/\/traildugerbier-prelenfrey.fr\/index.php\/wp-json\/wp\/v2\/pages\/514","targetHints":{"allow":["GET"]}}],"collection":[{"href":"https:\/\/traildugerbier-prelenfrey.fr\/index.php\/wp-json\/wp\/v2\/pages"}],"about":[{"href":"https:\/\/traildugerbier-prelenfrey.fr\/index.php\/wp-json\/wp\/v2\/types\/page"}],"author":[{"embeddable":true,"href":"https:\/\/traildugerbier-prelenfrey.fr\/index.php\/wp-json\/wp\/v2\/users\/1"}],"replies":[{"embeddable":true,"href":"https:\/\/traildugerbier-prelenfrey.fr\/index.php\/wp-json\/wp\/v2\/comments?post=514"}],"version-history":[{"count":7,"href":"https:\/\/traildugerbier-prelenfrey.fr\/index.php\/wp-json\/wp\/v2\/pages\/514\/revisions"}],"predecessor-version":[{"id":648,"href":"https:\/\/traildugerbier-prelenfrey.fr\/index.php\/wp-json\/wp\/v2\/pages\/514\/revisions\/648"}],"wp:attachment":[{"href":"https:\/\/traildugerbier-prelenfrey.fr\/index.php\/wp-json\/wp\/v2\/media?parent=514"}],"curies":[{"name":"wp","href":"https:\/\/api.w.org\/{rel}","templated":true}]}}